{"id":11,"date":"2020-10-02T12:58:53","date_gmt":"2020-10-02T12:58:53","guid":{"rendered":"https:\/\/hundesalon-in-harmonie.ch\/?page_id=11"},"modified":"2020-10-02T12:59:22","modified_gmt":"2020-10-02T12:59:22","slug":"philosophie","status":"publish","type":"page","link":"https:\/\/hundesalon-in-harmonie.ch\/index.php\/philosophie\/","title":{"rendered":"Philosophie"},"content":{"rendered":"\n<p>Mir ist es sehr wichtig, den Tieren und Menschen mit Achtung, Wertsch\u00e4tzung, Respekt und Liebe zu begegnen. Mein Wunsch ist es, die gemeinsame Zeit w\u00e4hrend des Aufenthaltes im Hundesalon so zu gestalten, dass ein \u201eMiteinander\u201c entsteht. F\u00fcr mich ist es nicht \u201enur\u201c ein Haare schneiden, sondern ich betrachte das Tier als Ganzes (K\u00f6rper, Geist und Seele) und versuche seine Sprache zu sprechen, die es mir in Form von Gestik, Verhalten und K\u00f6rperhaltung zeigt. Beim einen ist es wichtig, dass ich mich mental sehr zur\u00fccknehme, mal ist gerade das wichtig, gerade bei vorwitzigen Hunden, dass ich meinen Raum auch mental einnehme. Ich erlebe es immer wieder, dass einige Hunde und auch Katzen es nicht so m\u00f6gen, wenn \u00fcber eine gewisse Zeit so nah an und mit ihnen gearbeitet wird. Dann gibt es wiederum andere, f\u00fcr die gibt es nichts Sch\u00f6neres als viel K\u00f6rperkontakt zu haben auch w\u00e4hrend der Pflege. Doch gerade das macht es f\u00fcr mich so spannend. Meine Empathie und Hochsensibilit\u00e4t erlauben es mir, mich in das Tier einzuf\u00fchlen und so auf seine Bed\u00fcrfnisse individuell einzugehen.<\/p>\n\n\n\n<p>Das Wichtigste f\u00fcr uns ist, dass sich unsere 4beinigen G\u00e4ste w\u00e4hrend des Aufenthaltes bei uns wohlf\u00fchlen. Das bedeutet, dass wir uns viel Zeit nehmen, auf die Bed\u00fcrfnisse von ihnen einzugehen und mit viel Ruhe, Klarheit, Liebe, grossem Einf\u00fchlungsverm\u00f6gen, Verst\u00e4ndnis, Gelassenheit und Geduld arbeiten. Jeder Gast wird individuell gepflegt und behandelt. Auf diese Weise k\u00f6nnen auch bestehende&nbsp; \u00c4ngste, Unsicherheiten, Blockaden ja sogar&nbsp; m\u00f6gliche Traumatas oder negative Erfahrungen verarbeitet und aufgel\u00f6st werden. Das Fundament hierf\u00fcr ist&nbsp; das Vertrauen und die Offenheit, das St\u00fcck f\u00fcr St\u00fcck erarbeitet und auch gepflegt wird. Sowohl beim Mensch als auch beim Tier.<\/p>\n\n\n\n<p>Meine drei Vierbeinigen Freunde achten darauf, dass ihren Kollegen w\u00e4hrend der Pflege auch wirklich nichts geschieht und unterst\u00fctzen sie auf ihre ganz eigene Art und Weise.<\/p>\n\n\n\n<p>Wir achten auf eine ruhige, harmonische und friedliche Atmosph\u00e4re im Salon. Die im Hintergrund durch entspannende Musik unterst\u00fctzt wird.<\/p>\n\n\n\n<p>Es kann m\u00f6glich sein, dass die Pflege je nach Aufwand und Dauer auf 2 Termine aufgeteilt wird. Gerade bei jungen Hunden ist dies oft der Fall. Nach einer gewissen Zeit k\u00f6nnen sie sich nicht mehr konzentrieren und werden unruhig oder zappelig. Dies kann aber auch bei allen anderen Hunden und Katzen jeden Alters und Gr\u00f6sse&nbsp; vorkommen. Der Vorteil von 2 Terminen ist, dass das Tier wieder gerne kommt und so keine negative Verkn\u00fcpfung und Erfahrung macht. Auf diese Weise entsteht auch kein Druck.<\/p>\n\n\n\n<p>Gerne d\u00fcrfen Sie w\u00e4hrend der Pflege dabei sein. Gerade bei jungen oder \u00e4ngstlichen Hunden kann dies zu Beginn sehr wertvoll sein. Es gibt ihnen Sicherheit.<\/p>\n\n\n\n<p>Wichtig ist, dass Sie sich w\u00e4hrend der Pflege gut abgrenzen und von Ihrem Tier innerlich l\u00f6sen k\u00f6nnen. Sie d\u00fcrfen in dieser Zeit, gerne die Verantwortung an mich abgeben.&nbsp;<\/p>\n\n\n\n<p>In der Regel ist es jedoch so, dass die Besitzer ihren treuen Freund bei uns in Obhut geben und ihn nach der Pflege wieder abholen.<\/p>\n\n\n\n<p>Bei Hunden mit einem starken Bezug zu ihrem Besitzer mache ich die Erfahrung, dass es besser ist, wenn der Besitzer nicht anwesend ist. So hat der Hund die M\u00f6glichkeit sich ganz auf die Situation einzulassen und steht nicht zwischen 2 Personen.<\/p>\n\n\n\n<p><strong>Bitte haben Sie Verst\u00e4ndnis, dass ich w\u00e4hrend der Pflege, meine ganze Aufmerksamkeit Ihrem Tier widme und deshalb oft keine grossen Gespr\u00e4che parallel f\u00fchren kann. &nbsp;<\/strong><\/p>\n","protected":false},"excerpt":{"rendered":"<p>Mir ist es sehr wichtig, den Tieren und Menschen mit Achtung, Wertsch\u00e4tzung, Respekt und Liebe zu begegnen. Mein Wunsch ist es, die gemeinsame Zeit w\u00e4hrend des Aufenthaltes im Hundesalon so zu gestalten, dass ein \u201eMiteinander\u201c entsteht. F\u00fcr mich ist es nicht \u201enur\u201c ein Haare schneiden, sondern ich betrachte das Tier als Ganzes (K\u00f6rper, Geist und &hellip; <a href=\"https:\/\/hundesalon-in-harmonie.ch\/index.php\/philosophie\/\" class=\"more-link\"><span class=\"screen-reader-text\">Philosophie<\/span> weiterlesen<\/a><\/p>\n","protected":false},"author":1,"featured_media":0,"parent":0,"menu_order":0,"comment_status":"closed","ping_status":"closed","template":"","meta":{"footnotes":""},"class_list":["post-11","page","type-page","status-publish","hentry"],"_links":{"self":[{"href":"https:\/\/hundesalon-in-harmonie.ch\/index.php\/wp-json\/wp\/v2\/pages\/11","targetHints":{"allow":["GET"]}}],"collection":[{"href":"https:\/\/hundesalon-in-harmonie.ch\/index.php\/wp-json\/wp\/v2\/pages"}],"about":[{"href":"https:\/\/hundesalon-in-harmonie.ch\/index.php\/wp-json\/wp\/v2\/types\/page"}],"author":[{"embeddable":true,"href":"https:\/\/hundesalon-in-harmonie.ch\/index.php\/wp-json\/wp\/v2\/users\/1"}],"replies":[{"embeddable":true,"href":"https:\/\/hundesalon-in-harmonie.ch\/index.php\/wp-json\/wp\/v2\/comments?post=11"}],"version-history":[{"count":2,"href":"https:\/\/hundesalon-in-harmonie.ch\/index.php\/wp-json\/wp\/v2\/pages\/11\/revisions"}],"predecessor-version":[{"id":17,"href":"https:\/\/hundesalon-in-harmonie.ch\/index.php\/wp-json\/wp\/v2\/pages\/11\/revisions\/17"}],"wp:attachment":[{"href":"https:\/\/hundesalon-in-harmonie.ch\/index.php\/wp-json\/wp\/v2\/media?parent=11"}],"curies":[{"name":"wp","href":"https:\/\/api.w.org\/{rel}","templated":true}]}}