{"id":163,"date":"2022-02-16T08:43:31","date_gmt":"2022-02-16T08:43:31","guid":{"rendered":"https:\/\/hundesalon-in-harmonie.ch\/?page_id=163"},"modified":"2023-01-30T17:05:25","modified_gmt":"2023-01-30T17:05:25","slug":"jenseitskontakte","status":"publish","type":"page","link":"https:\/\/hundesalon-in-harmonie.ch\/index.php\/jenseitskontakte\/","title":{"rendered":"Jenseitskontakte"},"content":{"rendered":"\t\t<div data-elementor-type=\"wp-page\" data-elementor-id=\"163\" class=\"elementor elementor-163\">\n\t\t\t\t\t\t<section class=\"elementor-section elementor-top-section elementor-element elementor-element-7e7d1c4 elementor-section-boxed elementor-section-height-default elementor-section-height-default\" data-id=\"7e7d1c4\" data-element_type=\"section\">\n\t\t\t\t\t\t<div class=\"elementor-container elementor-column-gap-default\">\n\t\t\t\t\t<div class=\"elementor-column elementor-col-100 elementor-top-column elementor-element elementor-element-23b71bf\" data-id=\"23b71bf\" data-element_type=\"column\">\n\t\t\t<div class=\"elementor-widget-wrap elementor-element-populated\">\n\t\t\t\t\t\t<div class=\"elementor-element elementor-element-456ef55 elementor-widget elementor-widget-image\" data-id=\"456ef55\" data-element_type=\"widget\" data-widget_type=\"image.default\">\n\t\t\t\t<div class=\"elementor-widget-container\">\n\t\t\t<style>\/*! elementor - v3.23.0 - 05-08-2024 *\/\n.elementor-widget-image{text-align:center}.elementor-widget-image a{display:inline-block}.elementor-widget-image a img[src$=\".svg\"]{width:48px}.elementor-widget-image img{vertical-align:middle;display:inline-block}<\/style>\t\t\t\t\t\t\t\t\t\t<img fetchpriority=\"high\" decoding=\"async\" width=\"2560\" height=\"1442\" src=\"https:\/\/hundesalon-in-harmonie.ch\/wp-content\/uploads\/2023\/01\/20220409_185732-1-scaled.jpg\" class=\"attachment-full size-full wp-image-406\" alt=\"\" srcset=\"https:\/\/hundesalon-in-harmonie.ch\/wp-content\/uploads\/2023\/01\/20220409_185732-1-scaled.jpg 2560w, https:\/\/hundesalon-in-harmonie.ch\/wp-content\/uploads\/2023\/01\/20220409_185732-1-300x169.jpg 300w, https:\/\/hundesalon-in-harmonie.ch\/wp-content\/uploads\/2023\/01\/20220409_185732-1-1024x577.jpg 1024w, https:\/\/hundesalon-in-harmonie.ch\/wp-content\/uploads\/2023\/01\/20220409_185732-1-768x432.jpg 768w, https:\/\/hundesalon-in-harmonie.ch\/wp-content\/uploads\/2023\/01\/20220409_185732-1-1536x865.jpg 1536w, https:\/\/hundesalon-in-harmonie.ch\/wp-content\/uploads\/2023\/01\/20220409_185732-1-2048x1153.jpg 2048w\" sizes=\"(max-width: 2560px) 100vw, 2560px\" \/>\t\t\t\t\t\t\t\t\t\t\t\t\t<\/div>\n\t\t\t\t<\/div>\n\t\t\t\t<div class=\"elementor-element elementor-element-ab88ab4 elementor-widget elementor-widget-text-editor\" data-id=\"ab88ab4\" data-element_type=\"widget\" data-widget_type=\"text-editor.default\">\n\t\t\t\t<div class=\"elementor-widget-container\">\n\t\t\t<style>\/*! elementor - v3.23.0 - 05-08-2024 *\/\n.elementor-widget-text-editor.elementor-drop-cap-view-stacked .elementor-drop-cap{background-color:#69727d;color:#fff}.elementor-widget-text-editor.elementor-drop-cap-view-framed .elementor-drop-cap{color:#69727d;border:3px solid;background-color:transparent}.elementor-widget-text-editor:not(.elementor-drop-cap-view-default) .elementor-drop-cap{margin-top:8px}.elementor-widget-text-editor:not(.elementor-drop-cap-view-default) .elementor-drop-cap-letter{width:1em;height:1em}.elementor-widget-text-editor .elementor-drop-cap{float:left;text-align:center;line-height:1;font-size:50px}.elementor-widget-text-editor .elementor-drop-cap-letter{display:inline-block}<\/style>\t\t\t\t<p>Bei einem Jenseitskontakt ist es m\u00f6glich, auf einer tieferen Ebene mit einem bereits verstorbenen Menschen und deren Seele in Kontakt zu treten und zu kommunizieren.<\/p><p>Dies geschieht auf der geistigen, seelischen und Herzensebene. Daf\u00fcr verbinde ich mich mit der geistigen Welt(Universum, Engel, Gott, g\u00f6ttliche Quelle etc), die mich dabei f\u00fchrt, begleitet und unterst\u00fctzt.<\/p><p>Die Gr\u00fcnde f\u00fcr einen Jenseitskontakt k\u00f6nnen ganz verschieden sein.<\/p><p>Es gibt Angeh\u00f6rige oder Freunde, die einfach wissen m\u00f6chten, wie es dem\/derjenigen geht. Oder ob sie noch eine wichtige Botschaft haben, die sie mitteilen m\u00f6chten.<\/p><p>Es ist auch m\u00f6glich, mit einer bereits verstorbenen Person noch ungekl\u00e4rte Themen zu besprechen und zu kl\u00e4ren, die zu Lebzeiten nicht mehr m\u00f6glich waren. Ein wichtiger Teil \u00a0dieses Gespr\u00e4ches kann auch Vergebung sein, damit beide Seiten in \u00a0Frieden und Liebe loslassen k\u00f6nnen und jeder seinen \u00a0eigenen Weg weitergehen kann. Frei von Altlasten und Ballast. All dies kann nur geschehen, wen\u00a0 der\/die Verstorbene ihr Einverst\u00e4ndnis gibt und bereit ist f\u00fcr ein Gespr\u00e4ch oder Kl\u00e4rung.<\/p><p>\u00a0Ich erlebe es jedoch sehr selten, dass Verstorbene keine Kl\u00e4rung m\u00f6chten. Sobald die Seele den K\u00f6rper verl\u00e4sst, ver\u00e4ndert sich auch die Haltung seiner vergangenen\u00a0 Handlungen in seinem Leben und sein Bewusstsein. Da sie nun frei vom Ego\u00a0 und auch mental nicht mehr gebunden sind, k\u00f6nnen sie sich z.B. dann f\u00fcr Dinge entschuldigen und Verantwortung \u00fcbernehmen, die sie getan haben, die nicht in Ordnung waren. Die zu Lebzeiten auf der Erde noch nicht m\u00f6glich war. Oder sie finden klare Woete zu einem Thema, was sie sich vorher nicht getraut hatten.<\/p><p>Manchmal stirbt jemand sehr pl\u00f6tzlich durch einen Unfall oder \u00e4hnliches. Die Seele wusste bereits, dass dies geschieht, doch je nach Bewusstheit der Person, f\u00e4llt er\/sie in einen Schock und weiss gar nicht, dass er\/sie nicht mehr hier auf der Erde ist. Sie versuchen dann verzweifelt auf sich aufmerksam zu machen (merkw\u00fcrdige Dinge passieren zu Hause, unterwegs)oder sie suchen sich Menschen, die sie wahrnehmen k\u00f6nnen, um mit ihren Lieben in Kontakt treten zu k\u00f6nnen. \u00a0Da kann es wichtig und gut sein, mit einem Jenseitskontakt, der verstorbenen Person in Ruhe alles zu erkl\u00e4ren was passiert ist und den Schock \u00a0bei beiden Seiten mit Hilfe von Energie-und Heilarbeit zu l\u00f6sen. Damit sie loslassen und weitergehen kann. Auch dies geschieht nur wenn der Verstorbene einverstanden ist. Wenn er in diesem Zustand nicht in der Lage ist, frage ich seinen Schutzengel oder Geistf\u00fchrer.<\/p><p>Wenn sich ein Mensch langsam auf seine Reise macht, und nicht mehr selber sprechen kann, ist auch hier der Kontakt zu dieser Seele eine gute M\u00f6glichkeit Frieden und Klarheit zu finden. Damit sie leicht und gut loslassen kann. Dazu m\u00f6chte ich gerne eine pers\u00f6nliche Geschichte erz\u00e4hlen:<\/p><p>Als vor einigen Jahren meine Gro\u00dfmutter sich auf den Weg machte(sie durfte 94 Jahre alt werden), erlebte ich etwas \u00e4hnliches bei ihr. Sie lebte schon einige Jahre in einem Alters-und Pflegeheim. Sie war dement und kannte ihre Lieben bis zum Schluss. Wir beide waren schon lange im Frieden, es gab nichts mehr zu kl\u00e4ren. Ich genoss die Zeit, wenn ich sie besuchte und ich konnte sie so nehmen wie sie war Auch wenn sie immer wieder dasselbe erz\u00e4hlte. Als ich die Nachricht bekam, dass sie am gehen ist, fuhr ich zu ihr ins Heim. Viele Familienangeh\u00f6rige waren bereits da. Die Stimmung war friedlich und ruhig. Jeder einzelne war bereit, sie gehen zu lassen. Das fand ich so toll und sch\u00f6n. Nat\u00fcrlich liefen Tr\u00e4nen, aber es durfte alles sein. Sie selber war nicht mehr ansprechbar und unruhig. Meine Mutter und meine Tante blieben \u00fcber Nacht. Mich zog es am n\u00e4chsten Tag nochmal zu ihr. Nun war sie bedeutend unruhiger als am Tag zuvor. Der K\u00f6rper war voll im Prozess des Sterbens. Ich sp\u00fcrte dann den Impuls, als Vermittlerin f\u00fcr sie zu sprechen, was ihr noch wichtig war. Zuerst hatte ich Hemmungen der Familie gegen\u00fcber, weil sie diese Seite nicht von mir kannten. Doch dann \u00fcberwand ich mich und teilte mit, was sie noch auf dem Herzen hatte. Es war nicht viel. Denn innerhalb der Familie gab es leider vorher keine kl\u00e4renden und bereinigenden Gespr\u00e4che. Kurz nachdem ich f\u00fcr sie die Botschaften \u00fcbermittelt hatte, verlie\u00df sie ihren K\u00f6rper. Sie hatte M\u00fche, ihre Kinder, die ja schon lange erwachsen waren, loszulassen. Sie war ein Familienmensch und liebte es Menschen um sich zu haben. Keiner der Familie hat etwas gesagt oder eine Frage gestellt. Mein Gro\u00dfvater, der bereits viele Jahre vor ihr die Erde verlie\u00df, stand am Kopfende des Bettes und holte sie zusammen mit den Engeln ab. Dieses Bild ber\u00fchrte mich sehr. F\u00fcr mich war dieses Erlebnis sehr ber\u00fchrend und sch\u00f6n. Und ich freute mich f\u00fcr sie, dass sie nun endlich mit dem Gro\u00dfvater wieder vereint war.<\/p><p>Mit dieser Geschichte m\u00f6chte ich zeigen, wie wichtig es f\u00fcr die Person die die Erde verl\u00e4sst, sein kann, eine Stimme zu bekommen, wenn sie selber nicht mehr sprechen kann. Und das der Tod nichts schlimmes ist. Im Gegenteil. Es kann sehr sch\u00f6n und friedlich sein.<\/p><p>F\u00fcr einen Jenseitskontakt m\u00f6chte ich euch ein paar Ratschl\u00e4ge und Tips mitgeben:<\/p><p>-Wenn ihr jemand gefunden habt, der Jenseitskontakte anbietet, sp\u00fcrt gut hin, ob diese Person f\u00fcr euch stimmig ist. Schaut euch die Homepage und allenfalls Videos an und sp\u00fcrt ob ihr dieser Person vertrauen k\u00f6nnt.<\/p><p>Eine verantwortungsvolle Person, stattet euch das Geld zur\u00fcck, wenn ihr mit dem Kontakt nichts anfangen k\u00f6nnt.<\/p><p>Jemand der diese T\u00e4tigkeit verantwortungsvoll aus\u00fcbt, ben\u00f6tigt nicht viele Informationen vorab. Und sie ist in der Lage Sachen oder Situationen zu beschreiben, die nur der Fragende und der Verstorbene wissen kann.<\/p><p>Deshalb empfehle ich euch, auch Fragen zu stellen, deren Antworten nur ihr selber kennt. So k\u00f6nnt ihr herausfinden, ob diese Person ihr Handwerk wirklich versteht.<\/p><p>Geht offen und frei von Erwartungen und Vorstellungen in diese Sitzung. Notiert euch Fragen vorher zu Hause, damit ihr dann in der Sitzung keine vergesst.<\/p><p>Nach der Sitzung, lasst es auf euch wirken. Denkt nicht zuviel dar\u00fcber nach, was alles gesagt wurde. Euer K\u00f6rper und eure Seele zeigen euch und lassen euch sp\u00fcren, wenn etwas nochmal angeschaut werden m\u00f6chte. Vertraut darauf! Lasst den Prozess einfach laufen. Sollten sich im Nachgang noch Fragen zeigen, werden die bei einer verantwortungsvollen Person gerne beantwortet.<\/p><p>Vergesst bitte nicht. Jenseitskontakte sind Momentaufnahmen und k\u00f6nnen bei jedem weiteren Mal anders sein.<\/p><p>Nehmt das f\u00fcr euch mit, was f\u00fcr euch stimmig ist. Gibt es etwas zu kl\u00e4ren oder zu vergeben, wird eine verantwortungsvolle Person euch alle behutsam und liebevoll an-und begleiten.<\/p><p>Wenn ihr gerne eine Sitzung bei mir buchen m\u00f6chtet, d\u00fcrft ihr euch gerne via E-Mail melden. Es gibt die M\u00f6glichkeit, pers\u00f6nlich vorbeizukommen oder via Telefon, Zoom etc.<\/p><p>Nehmt bitte genug Zeit zu einer Sitzung mit. Je nach dem kann eine Sitzung zwischen 1-2,5Std dauern. G\u00f6nnt euch danach eine kleine Auszeit um das Ganze setzen zu lassen. Und tut euch etwas Gutes.<\/p><p>Der Energieausgleich betr\u00e4gt 150.- \/Std und wird nach der Sitzung beglichen. Ihr k\u00f6nnt entweder Bar bezahlen, wenn ihr pers\u00f6nlich vorbeikommt oder mit Karte und \u00dcberweisung. Wenn ihr es w\u00fcnscht, schreibe ich euch eine Rechnung.<\/p><p>Ich freue mich, wenn ich euch ein St\u00fcck weit auf eurem Weg begleiten darf!<\/p>\t\t\t\t\t\t<\/div>\n\t\t\t\t<\/div>\n\t\t\t\t\t<\/div>\n\t\t<\/div>\n\t\t\t\t\t<\/div>\n\t\t<\/section>\n\t\t\t\t<\/div>\n\t\t","protected":false},"excerpt":{"rendered":"<p>Bei einem Jenseitskontakt ist es m\u00f6glich, auf einer tieferen Ebene mit einem bereits verstorbenen Menschen und deren Seele in Kontakt zu treten und zu kommunizieren. Dies geschieht auf der geistigen, seelischen und Herzensebene. Daf\u00fcr verbinde ich mich mit der geistigen Welt(Universum, Engel, Gott, g\u00f6ttliche Quelle etc), die mich dabei f\u00fchrt, begleitet und unterst\u00fctzt. Die Gr\u00fcnde &hellip; <a href=\"https:\/\/hundesalon-in-harmonie.ch\/index.php\/jenseitskontakte\/\" class=\"more-link\"><span class=\"screen-reader-text\">Jenseitskontakte<\/span> weiterlesen<\/a><\/p>\n","protected":false},"author":1,"featured_media":0,"parent":0,"menu_order":0,"comment_status":"closed","ping_status":"closed","template":"","meta":{"footnotes":""},"class_list":["post-163","page","type-page","status-publish","hentry"],"_links":{"self":[{"href":"https:\/\/hundesalon-in-harmonie.ch\/index.php\/wp-json\/wp\/v2\/pages\/163","targetHints":{"allow":["GET"]}}],"collection":[{"href":"https:\/\/hundesalon-in-harmonie.ch\/index.php\/wp-json\/wp\/v2\/pages"}],"about":[{"href":"https:\/\/hundesalon-in-harmonie.ch\/index.php\/wp-json\/wp\/v2\/types\/page"}],"author":[{"embeddable":true,"href":"https:\/\/hundesalon-in-harmonie.ch\/index.php\/wp-json\/wp\/v2\/users\/1"}],"replies":[{"embeddable":true,"href":"https:\/\/hundesalon-in-harmonie.ch\/index.php\/wp-json\/wp\/v2\/comments?post=163"}],"version-history":[{"count":7,"href":"https:\/\/hundesalon-in-harmonie.ch\/index.php\/wp-json\/wp\/v2\/pages\/163\/revisions"}],"predecessor-version":[{"id":409,"href":"https:\/\/hundesalon-in-harmonie.ch\/index.php\/wp-json\/wp\/v2\/pages\/163\/revisions\/409"}],"wp:attachment":[{"href":"https:\/\/hundesalon-in-harmonie.ch\/index.php\/wp-json\/wp\/v2\/media?parent=163"}],"curies":[{"name":"wp","href":"https:\/\/api.w.org\/{rel}","templated":true}]}}