{"id":194,"date":"2022-02-16T09:06:39","date_gmt":"2022-02-16T09:06:39","guid":{"rendered":"https:\/\/hundesalon-in-harmonie.ch\/?page_id=194"},"modified":"2023-01-31T16:50:08","modified_gmt":"2023-01-31T16:50:08","slug":"bachbluetenberatung","status":"publish","type":"page","link":"https:\/\/hundesalon-in-harmonie.ch\/index.php\/bachbluetenberatung\/","title":{"rendered":"Bachbl\u00fctenberatung"},"content":{"rendered":"\t\t<div data-elementor-type=\"wp-page\" data-elementor-id=\"194\" class=\"elementor elementor-194\">\n\t\t\t\t\t\t<section class=\"elementor-section elementor-top-section elementor-element elementor-element-efc364c elementor-section-boxed elementor-section-height-default elementor-section-height-default\" data-id=\"efc364c\" data-element_type=\"section\">\n\t\t\t\t\t\t<div class=\"elementor-container elementor-column-gap-default\">\n\t\t\t\t\t<div class=\"elementor-column elementor-col-100 elementor-top-column elementor-element elementor-element-b482d91\" data-id=\"b482d91\" data-element_type=\"column\">\n\t\t\t<div class=\"elementor-widget-wrap elementor-element-populated\">\n\t\t\t\t\t\t<div class=\"elementor-element elementor-element-93145cb elementor-widget elementor-widget-text-editor\" data-id=\"93145cb\" data-element_type=\"widget\" data-widget_type=\"text-editor.default\">\n\t\t\t\t<div class=\"elementor-widget-container\">\n\t\t\t<style>\/*! elementor - v3.23.0 - 05-08-2024 *\/\n.elementor-widget-text-editor.elementor-drop-cap-view-stacked .elementor-drop-cap{background-color:#69727d;color:#fff}.elementor-widget-text-editor.elementor-drop-cap-view-framed .elementor-drop-cap{color:#69727d;border:3px solid;background-color:transparent}.elementor-widget-text-editor:not(.elementor-drop-cap-view-default) .elementor-drop-cap{margin-top:8px}.elementor-widget-text-editor:not(.elementor-drop-cap-view-default) .elementor-drop-cap-letter{width:1em;height:1em}.elementor-widget-text-editor .elementor-drop-cap{float:left;text-align:center;line-height:1;font-size:50px}.elementor-widget-text-editor .elementor-drop-cap-letter{display:inline-block}<\/style>\t\t\t\t<p><strong><img fetchpriority=\"high\" decoding=\"async\" class=\"alignnone wp-image-437 size-large\" src=\"https:\/\/hundesalon-in-harmonie.ch\/wp-content\/uploads\/2023\/01\/20230131_111120-1024x577.jpg\" alt=\"\" width=\"660\" height=\"372\" srcset=\"https:\/\/hundesalon-in-harmonie.ch\/wp-content\/uploads\/2023\/01\/20230131_111120-1024x577.jpg 1024w, https:\/\/hundesalon-in-harmonie.ch\/wp-content\/uploads\/2023\/01\/20230131_111120-300x169.jpg 300w, https:\/\/hundesalon-in-harmonie.ch\/wp-content\/uploads\/2023\/01\/20230131_111120-768x432.jpg 768w, https:\/\/hundesalon-in-harmonie.ch\/wp-content\/uploads\/2023\/01\/20230131_111120-1536x865.jpg 1536w, https:\/\/hundesalon-in-harmonie.ch\/wp-content\/uploads\/2023\/01\/20230131_111120-2048x1153.jpg 2048w\" sizes=\"(max-width: 660px) 100vw, 660px\" \/><\/strong><\/p><p><strong>Bachbl\u00fctenberatung f\u00fcr Mensch und Tier<\/strong><strong>\u00a0<\/strong><\/p><p>Bachbl\u00fcten werden, wie es der Name bereits sagt, aus Pflanzen hergestellt. Erst gab es 38 einzelne heimische Essenzen. Mittlerweile gibt es jedoch viel mehr. Jede einzelne Bachbl\u00fcte hat eine bestimmte Wirkung und wird auch sehr oft mit anderen Bachbl\u00fctenessenzen gemischt um dem Lebewesen(auch Pflanzen k\u00f6nnen damit behandelt werden), auf seelischer und mentaler Ebene zu helfen, einen anderen, besseren Umgang mit Situationen, Herausforderungen oder Themen erfahren und lernen zu d\u00fcrfen. Oder einfach zur Unterst\u00fctzung.<\/p><p>Die Bachbl\u00fctenessenzen und ihre Wirkungsweise\u00a0 werden in 7 Gruppen unterteilt und haben jede einzelne, ganz feine Unterschiede in der jeweiligen Wirkung:<\/p><p>Angst<\/p><p>Unsicherheit<\/p><p>Interesslosigkeit<\/p><p>Einsamkeit<\/p><p>\u00dcberempfindlichkeit<\/p><p>Mutlosigkeit<\/p><p>\u00dcberbesorgtheit<\/p><p>In einer Beratung f\u00fcr Mensch oder Tier schauen wir gemeinsam, welche Bachbl\u00fcten momentan f\u00fcr die jeweilige Situation am besten geeignet ist. Dazu nehme ich beim Tier sehr gerne das Pendel zur Hand. Beim Menschen lasse ich ihn intuitiv mit den jeweiligen Karten von den einzelnen Bachbl\u00fcten entscheiden. In den meisten F\u00e4llen, sind diese genau die \u201erichtigen\u201c. Es empfiehlt sich, nicht mehr als 4 verschiedene Bachbl\u00fcten pro Mischung auszuw\u00e4hlen. Damit \u00a0die einzelne Wirkung jeder Bl\u00fcte sich voll entwickeln kann.<\/p><p>In einem weiteren Schritt wird die Tropfenmenge und die H\u00e4ufigkeit\/Tag bestimmt. In akuten Situationen, empfehle ich alle 30min eine Gabe. Bis es wieder abklingt. Mittlerweile gibt es auch die M\u00f6glichkeit, die Essenzen in Form eines Sprays anzuwenden. Gerade bei \u00e4ngstlichen Tieren ist es einfacher, die Bachbl\u00fcten zu verabreichen. Entweder man spr\u00fcht \u00fcber das Tier oder gibt ein\u00a0 paar Pumpst\u00f6sse in eine seiner H\u00e4nde und verteilt es dann so \u00fcber dem Tier. Es gibt auch die M\u00f6glichkeit, vor Transporten die Box oder die Decke etc. einzuspr\u00fchen. Auch das wirkt. Meiner Erfahrung nach wirkt der Spray auch schneller, da er \u00fcber die Haut und Schleimh\u00e4ute sehr z\u00fcgig ins ganze System gelangt als mit den Tropfen.<\/p><p>Jeder Klient\/in entscheidet selber, was f\u00fcr ihn angenehmer und besser ist. Bei Tieren verwende ich sehr gerne den Spray.<\/p><p>Wenn die Essenzen zu einem bestimmten Thema angewendet werden, empfehle ich nach einiger Zeit nochmal zu schauen, ob die Mischung noch die \u201erichtige\u201c ist, oder ob einzelne Essenzen gewechselt werden sollten,damit die Wirkung auch optimal ist. In der Regel sp\u00fcrt man an sich selber, und auch an seinem Tier, wie die Mischung wirkt.<\/p><p>Die Bachbl\u00fcten k\u00f6nnen auch prophylaktisch angewendet werden. Z.B. wenn eine OP ansteht oder \u00e4hnliches. Sie hilft dem ganzen System bereits vorher, leichter und einfacher mit der ganzen Situation umzugehen und zu verarbeiten.<\/p><p>F\u00fcr Beratungen beim Mensch bitte ich die Klienten gerne pers\u00f6nlich vorbeizukommen. Bei den Tieren kann ich das auch gut per Telefon machen. Nat\u00fcrlich d\u00fcrfen auch die 4beinigen Klienten pers\u00f6nlich vorbeikommen.<\/p><p>1 Beratung kostet 100.- f\u00fcr Mensch und \u00a0f\u00fcr Tier, und dauert beim Menschen in der Regel 1-1,5 Stunden. Bei Tieren ca. 45min-1 Stunde, je nach Thema.<\/p><p>Ich selber mische keine Bachbl\u00fcten-Essenzen. Daf\u00fcr habe ich eine ganz tolle Schweizer Firma gefunden, die das ganz toll macht! Die Qualit\u00e4t ist sehr gut und zu einem fairen und guten Preis. Wir kennen uns schon viele Jahre. Bei Ihnen habe ich vor vielen Jahren Kurse besucht.<\/p><p>Wenn du dich angesprochen f\u00fchlst, oder dich daf\u00fcr interessierst, melde dich gerne bei mir.<\/p><p>Ich freue mich auf dich\/euch!<\/p><p>\u00a0<\/p>\t\t\t\t\t\t<\/div>\n\t\t\t\t<\/div>\n\t\t\t\t\t<\/div>\n\t\t<\/div>\n\t\t\t\t\t<\/div>\n\t\t<\/section>\n\t\t\t\t<\/div>\n\t\t","protected":false},"excerpt":{"rendered":"<p>Bachbl\u00fctenberatung f\u00fcr Mensch und Tier\u00a0 Bachbl\u00fcten werden, wie es der Name bereits sagt, aus Pflanzen hergestellt. Erst gab es 38 einzelne heimische Essenzen. Mittlerweile gibt es jedoch viel mehr. Jede einzelne Bachbl\u00fcte hat eine bestimmte Wirkung und wird auch sehr oft mit anderen Bachbl\u00fctenessenzen gemischt um dem Lebewesen(auch Pflanzen k\u00f6nnen damit behandelt werden), auf seelischer &hellip; <a href=\"https:\/\/hundesalon-in-harmonie.ch\/index.php\/bachbluetenberatung\/\" class=\"more-link\"><span class=\"screen-reader-text\">Bachbl\u00fctenberatung<\/span> weiterlesen<\/a><\/p>\n","protected":false},"author":1,"featured_media":0,"parent":0,"menu_order":0,"comment_status":"closed","ping_status":"closed","template":"","meta":{"footnotes":""},"class_list":["post-194","page","type-page","status-publish","hentry"],"_links":{"self":[{"href":"https:\/\/hundesalon-in-harmonie.ch\/index.php\/wp-json\/wp\/v2\/pages\/194","targetHints":{"allow":["GET"]}}],"collection":[{"href":"https:\/\/hundesalon-in-harmonie.ch\/index.php\/wp-json\/wp\/v2\/pages"}],"about":[{"href":"https:\/\/hundesalon-in-harmonie.ch\/index.php\/wp-json\/wp\/v2\/types\/page"}],"author":[{"embeddable":true,"href":"https:\/\/hundesalon-in-harmonie.ch\/index.php\/wp-json\/wp\/v2\/users\/1"}],"replies":[{"embeddable":true,"href":"https:\/\/hundesalon-in-harmonie.ch\/index.php\/wp-json\/wp\/v2\/comments?post=194"}],"version-history":[{"count":10,"href":"https:\/\/hundesalon-in-harmonie.ch\/index.php\/wp-json\/wp\/v2\/pages\/194\/revisions"}],"predecessor-version":[{"id":440,"href":"https:\/\/hundesalon-in-harmonie.ch\/index.php\/wp-json\/wp\/v2\/pages\/194\/revisions\/440"}],"wp:attachment":[{"href":"https:\/\/hundesalon-in-harmonie.ch\/index.php\/wp-json\/wp\/v2\/media?parent=194"}],"curies":[{"name":"wp","href":"https:\/\/api.w.org\/{rel}","templated":true}]}}