{"id":23,"date":"2020-10-02T13:03:11","date_gmt":"2020-10-02T13:03:11","guid":{"rendered":"https:\/\/hundesalon-in-harmonie.ch\/?page_id=23"},"modified":"2020-10-02T13:03:11","modified_gmt":"2020-10-02T13:03:11","slug":"baden","status":"publish","type":"page","link":"https:\/\/hundesalon-in-harmonie.ch\/index.php\/baden\/","title":{"rendered":"Baden"},"content":{"rendered":"\n<p>Bei diesem Thema gehen die Meinungen der Hundebesitzer oft sehr stark auseinander. Ich denke, dass es da eine grosse Unsicherheit gibt, und vieles aus fr\u00fcheren Zeiten sich noch mit der heutigen Zeit vermischt.<\/p>\n\n\n\n<p>Gerade in der heutigen Zeit in der unsere treuen 4beiner t\u00e4glich vielen Dingen ausgesetzt sind wie Abgasen, Umweltverschmutzung, Staub, D\u00fcngemittel etc. empfehle ich, sie 3-4 mal im Jahr zu baden. Die Haut ist wie bei uns Menschen das gr\u00f6sste Organ des Hundes und nimmt vieles auf&nbsp; und scheidet viele Stoffe aus. So wie auch wir uns regelm\u00e4ssig duschen, finde ich es wichtig, auch ihnen diese Wohltat zu g\u00f6nnen. Neben dem Effekt des sich wieder wohl F\u00fchlens hat es auch noch einen gesundheitlichen Aspekt. &nbsp;Die Haut und das Haar werden gr\u00fcndlich gereinigt und &nbsp;erhalten mit dem Schampo wieder die Feuchtigkeit, den Glanz und die Elastizit\u00e4t zur\u00fcck.<\/p>\n\n\n\n<p>Bei langhaarigen Hunden und solchen mit trockenem Haar (besonders im Sommer) empfehle ich zus\u00e4tzlich eine Pflegesp\u00fclung im Anschluss. Auf diese Weise erh\u00e4lt das Haar die Feuchtigkeit und die Widerstandskraft zur\u00fcck und die Struktur wird verbessert und gest\u00e4rkt.<\/p>\n\n\n\n<p>In meinem Hundesalon arbeite ich ausschliesslich mit pflanzlichen und nicht-aromatisierten Produkten. Es wirkt sehr reinigend und ist gut vertr\u00e4glich bei allen Rassen.<\/p>\n\n\n\n<p>Bei Hautproblemen arbeite ich zus\u00e4tzlich mit Medizinalschampos vom Tierarzt und Apotheken. Je nach dem um welches Hautproblem es sich handelt. Hier finde ich es wichtig, diese nur \u00fcber einen bestimmten Zeitraum und akuten Situationen einzusetzen. Nat\u00fcrlich d\u00fcrfen Sie gerne auch Ihr eigenes Schampo mitbringen!&nbsp; &nbsp;&nbsp;&nbsp;&nbsp;&nbsp;&nbsp;&nbsp;&nbsp;&nbsp;&nbsp;&nbsp;&nbsp;&nbsp;&nbsp;&nbsp;&nbsp;&nbsp;&nbsp;&nbsp;&nbsp;&nbsp;&nbsp;&nbsp;&nbsp;&nbsp;&nbsp;&nbsp;&nbsp;&nbsp;&nbsp;&nbsp;&nbsp;&nbsp;&nbsp;&nbsp;&nbsp;&nbsp;&nbsp;&nbsp;&nbsp;&nbsp;&nbsp;&nbsp;&nbsp;&nbsp;&nbsp;&nbsp;&nbsp;&nbsp;&nbsp;&nbsp;&nbsp;&nbsp;&nbsp;&nbsp;&nbsp;&nbsp;&nbsp;&nbsp;&nbsp;&nbsp;&nbsp;&nbsp;&nbsp;&nbsp;&nbsp;&nbsp;&nbsp;&nbsp;&nbsp;&nbsp;&nbsp;&nbsp;&nbsp;&nbsp;&nbsp;&nbsp;&nbsp;&nbsp;&nbsp;&nbsp;&nbsp;&nbsp;&nbsp;&nbsp;&nbsp;&nbsp;&nbsp;&nbsp;&nbsp;&nbsp;&nbsp;&nbsp;&nbsp;<\/p>\n","protected":false},"excerpt":{"rendered":"<p>Bei diesem Thema gehen die Meinungen der Hundebesitzer oft sehr stark auseinander. Ich denke, dass es da eine grosse Unsicherheit gibt, und vieles aus fr\u00fcheren Zeiten sich noch mit der heutigen Zeit vermischt. Gerade in der heutigen Zeit in der unsere treuen 4beiner t\u00e4glich vielen Dingen ausgesetzt sind wie Abgasen, Umweltverschmutzung, Staub, D\u00fcngemittel etc. empfehle &hellip; <a href=\"https:\/\/hundesalon-in-harmonie.ch\/index.php\/baden\/\" class=\"more-link\"><span class=\"screen-reader-text\">Baden<\/span> weiterlesen<\/a><\/p>\n","protected":false},"author":1,"featured_media":0,"parent":0,"menu_order":0,"comment_status":"closed","ping_status":"closed","template":"","meta":{"footnotes":""},"class_list":["post-23","page","type-page","status-publish","hentry"],"_links":{"self":[{"href":"https:\/\/hundesalon-in-harmonie.ch\/index.php\/wp-json\/wp\/v2\/pages\/23","targetHints":{"allow":["GET"]}}],"collection":[{"href":"https:\/\/hundesalon-in-harmonie.ch\/index.php\/wp-json\/wp\/v2\/pages"}],"about":[{"href":"https:\/\/hundesalon-in-harmonie.ch\/index.php\/wp-json\/wp\/v2\/types\/page"}],"author":[{"embeddable":true,"href":"https:\/\/hundesalon-in-harmonie.ch\/index.php\/wp-json\/wp\/v2\/users\/1"}],"replies":[{"embeddable":true,"href":"https:\/\/hundesalon-in-harmonie.ch\/index.php\/wp-json\/wp\/v2\/comments?post=23"}],"version-history":[{"count":1,"href":"https:\/\/hundesalon-in-harmonie.ch\/index.php\/wp-json\/wp\/v2\/pages\/23\/revisions"}],"predecessor-version":[{"id":25,"href":"https:\/\/hundesalon-in-harmonie.ch\/index.php\/wp-json\/wp\/v2\/pages\/23\/revisions\/25"}],"wp:attachment":[{"href":"https:\/\/hundesalon-in-harmonie.ch\/index.php\/wp-json\/wp\/v2\/media?parent=23"}],"curies":[{"name":"wp","href":"https:\/\/api.w.org\/{rel}","templated":true}]}}