{"id":26,"date":"2020-10-02T13:03:39","date_gmt":"2020-10-02T13:03:39","guid":{"rendered":"https:\/\/hundesalon-in-harmonie.ch\/?page_id=26"},"modified":"2020-10-02T13:03:39","modified_gmt":"2020-10-02T13:03:39","slug":"foenen","status":"publish","type":"page","link":"https:\/\/hundesalon-in-harmonie.ch\/index.php\/foenen\/","title":{"rendered":"F\u00f6nen"},"content":{"rendered":"\n<p>Beim F\u00f6nen wird nicht nur das Haar getrocknet, sondern auch die Unterwolle, Kn\u00f6pfe oder Verfilzungen gleich mit entfernt. Ich arbeite vorwiegend mit einem normalen Handf\u00f6n, auch bei grossen Hunden. Viele Hunde m\u00f6gen es nach meiner Erfahrung nicht so gerne, wenn es zu laut und zu stark bl\u00e4st.<\/p>\n\n\n\n<p>\u00c4ngstliche und unsichere Hunde werden langsam und Schritt f\u00fcr Schritt, spielerisch an den F\u00f6n gew\u00f6hnt.<\/p>\n","protected":false},"excerpt":{"rendered":"<p>Beim F\u00f6nen wird nicht nur das Haar getrocknet, sondern auch die Unterwolle, Kn\u00f6pfe oder Verfilzungen gleich mit entfernt. Ich arbeite vorwiegend mit einem normalen Handf\u00f6n, auch bei grossen Hunden. Viele Hunde m\u00f6gen es nach meiner Erfahrung nicht so gerne, wenn es zu laut und zu stark bl\u00e4st. \u00c4ngstliche und unsichere Hunde werden langsam und Schritt &hellip; <a href=\"https:\/\/hundesalon-in-harmonie.ch\/index.php\/foenen\/\" class=\"more-link\"><span class=\"screen-reader-text\">F\u00f6nen<\/span> weiterlesen<\/a><\/p>\n","protected":false},"author":1,"featured_media":0,"parent":0,"menu_order":0,"comment_status":"closed","ping_status":"closed","template":"","meta":{"footnotes":""},"class_list":["post-26","page","type-page","status-publish","hentry"],"_links":{"self":[{"href":"https:\/\/hundesalon-in-harmonie.ch\/index.php\/wp-json\/wp\/v2\/pages\/26","targetHints":{"allow":["GET"]}}],"collection":[{"href":"https:\/\/hundesalon-in-harmonie.ch\/index.php\/wp-json\/wp\/v2\/pages"}],"about":[{"href":"https:\/\/hundesalon-in-harmonie.ch\/index.php\/wp-json\/wp\/v2\/types\/page"}],"author":[{"embeddable":true,"href":"https:\/\/hundesalon-in-harmonie.ch\/index.php\/wp-json\/wp\/v2\/users\/1"}],"replies":[{"embeddable":true,"href":"https:\/\/hundesalon-in-harmonie.ch\/index.php\/wp-json\/wp\/v2\/comments?post=26"}],"version-history":[{"count":1,"href":"https:\/\/hundesalon-in-harmonie.ch\/index.php\/wp-json\/wp\/v2\/pages\/26\/revisions"}],"predecessor-version":[{"id":28,"href":"https:\/\/hundesalon-in-harmonie.ch\/index.php\/wp-json\/wp\/v2\/pages\/26\/revisions\/28"}],"wp:attachment":[{"href":"https:\/\/hundesalon-in-harmonie.ch\/index.php\/wp-json\/wp\/v2\/media?parent=26"}],"curies":[{"name":"wp","href":"https:\/\/api.w.org\/{rel}","templated":true}]}}