{"id":32,"date":"2020-10-02T13:04:19","date_gmt":"2020-10-02T13:04:19","guid":{"rendered":"https:\/\/hundesalon-in-harmonie.ch\/?page_id=32"},"modified":"2020-10-02T13:04:19","modified_gmt":"2020-10-02T13:04:19","slug":"scheren","status":"publish","type":"page","link":"https:\/\/hundesalon-in-harmonie.ch\/index.php\/scheren\/","title":{"rendered":"Scheren"},"content":{"rendered":"\n<p>Das Scheren mit der Maschine hat den Vorteil, dass es schneller geht. Auf diese Weise sind auch kurze L\u00e4ngen m\u00f6glich, die mit der Schere nicht gut m\u00f6glich sind. Gerade bei stark verfilzten Hunden und auch Katzen ist es oft die einzige M\u00f6glichkeit sie so schmerzlos davon zu befreien.<\/p>\n\n\n\n<p>Dennoch versuche ich die L\u00e4nge so zu halten, dass das Tier sich im Sommer nicht verbrennt und im Winter nicht friert.<\/p>\n\n\n\n<p>Gerade in den letzten Jahren hat sich der Trend breitgemacht, auch kurzhaarige Hunde (Labradore) scheren zu lassen im Sommer. Bitte bedenken Sie, dass das Haar eine gewisse Schutzfunktion hat. Studien haben gezeigt, dass Hunde, die nicht geschoren wurden, weniger heiss hatten, als solche die geschoren wurden, da die verschiedenen Haarschichten wie ein K\u00fchlsystem im Sommer und als W\u00e4rmeregulator im Winter wirken. Hier ist es wichtig, bei Rassen mit Unterwolle, diese zu entfernen. Denn die Unterwolle ist mitunter auch ein Grund weshalb die Hunde im Sommer heiss haben.<\/p>\n\n\n\n<p>Auf der anderen Seite ist es wie bei uns Menschen. Gerade wenn es wieder w\u00e4rmer wird, ben\u00f6tigen unsere 4beinigen Freunde Zeit, sich an die h\u00f6heren Temperaturen zu gew\u00f6hnen. Und jedes Tier vertr\u00e4gt die Hitze anders.<\/p>\n\n\n\n<p>Da die Hunde die W\u00e4rme nur \u00fcber das Hecheln und die Pfoten abgeben k\u00f6nnen, erhitzen sie sich schneller wie wir Menschen. Vermeiden sie deshalb bitte lange Spazierg\u00e4nge in der Hitze. Gute Ausweich-M\u00f6glichkeiten sind der Wald oder ein Gew\u00e4sser.<\/p>\n\n\n\n<p>In den heissen Sommermonaten empfehle ich, ausgiebige Spazierg\u00e4nge auf die fr\u00fchen Morgen- und sp\u00e4teren Abendstunden zu verlegen.<\/p>\n\n\n\n<p>Bei alten, herzkranken oder solchen Hunden mit Hautproblemen kann das abscheren eine grosse Erleichterung und Wohltat f\u00fcr das Tier sein.<\/p>\n\n\n\n<p>Nachteile des Scherens:<\/p>\n\n\n\n<p>Wie beim Schneiden mit der Schere, ist es m\u00f6glich, dass sich das Haar durch das regelm\u00e4ssige scheren mit der Maschine negativ ver\u00e4ndern kann. Sowohl die Haarstruktur (je nach Rasse) als auch die Farbe kann sich ver\u00e4ndern<\/p>\n","protected":false},"excerpt":{"rendered":"<p>Das Scheren mit der Maschine hat den Vorteil, dass es schneller geht. Auf diese Weise sind auch kurze L\u00e4ngen m\u00f6glich, die mit der Schere nicht gut m\u00f6glich sind. Gerade bei stark verfilzten Hunden und auch Katzen ist es oft die einzige M\u00f6glichkeit sie so schmerzlos davon zu befreien. Dennoch versuche ich die L\u00e4nge so zu &hellip; <a href=\"https:\/\/hundesalon-in-harmonie.ch\/index.php\/scheren\/\" class=\"more-link\"><span class=\"screen-reader-text\">Scheren<\/span> weiterlesen<\/a><\/p>\n","protected":false},"author":1,"featured_media":0,"parent":0,"menu_order":0,"comment_status":"closed","ping_status":"closed","template":"","meta":{"footnotes":""},"class_list":["post-32","page","type-page","status-publish","hentry"],"_links":{"self":[{"href":"https:\/\/hundesalon-in-harmonie.ch\/index.php\/wp-json\/wp\/v2\/pages\/32","targetHints":{"allow":["GET"]}}],"collection":[{"href":"https:\/\/hundesalon-in-harmonie.ch\/index.php\/wp-json\/wp\/v2\/pages"}],"about":[{"href":"https:\/\/hundesalon-in-harmonie.ch\/index.php\/wp-json\/wp\/v2\/types\/page"}],"author":[{"embeddable":true,"href":"https:\/\/hundesalon-in-harmonie.ch\/index.php\/wp-json\/wp\/v2\/users\/1"}],"replies":[{"embeddable":true,"href":"https:\/\/hundesalon-in-harmonie.ch\/index.php\/wp-json\/wp\/v2\/comments?post=32"}],"version-history":[{"count":1,"href":"https:\/\/hundesalon-in-harmonie.ch\/index.php\/wp-json\/wp\/v2\/pages\/32\/revisions"}],"predecessor-version":[{"id":34,"href":"https:\/\/hundesalon-in-harmonie.ch\/index.php\/wp-json\/wp\/v2\/pages\/32\/revisions\/34"}],"wp:attachment":[{"href":"https:\/\/hundesalon-in-harmonie.ch\/index.php\/wp-json\/wp\/v2\/media?parent=32"}],"curies":[{"name":"wp","href":"https:\/\/api.w.org\/{rel}","templated":true}]}}