{"id":47,"date":"2020-10-02T13:06:43","date_gmt":"2020-10-02T13:06:43","guid":{"rendered":"https:\/\/hundesalon-in-harmonie.ch\/?page_id=47"},"modified":"2020-10-02T13:06:43","modified_gmt":"2020-10-02T13:06:43","slug":"welpen-und-junghunde","status":"publish","type":"page","link":"https:\/\/hundesalon-in-harmonie.ch\/index.php\/welpen-und-junghunde\/","title":{"rendered":"Welpen und Junghunde"},"content":{"rendered":"\n<p>Welpen und Junghunde werden spielerisch und mit viel positiver Best\u00e4rkung an die neue Situation gew\u00f6hnt. Gemeinsam mit dem Besitzer \u00fcben wir den Tisch, das Anfassen der verschiedenen K\u00f6rperteile und die verschiedenen Werkzeuge und Abl\u00e4ufe. Dabei arbeite ich intuitiv und individuell mit jedem Hund anders und gehe auf seine Bed\u00fcrfnisse ein. Die Besuche sind kurz, damit die kleine Maus nicht \u00fcberfordert wird.<\/p>\n\n\n\n<p>Es ist mir sehr wichtig, dass die jungen Hunde eine positive Verkn\u00fcpfung zur Pflege aufbauen k\u00f6nnen. Damit auch Sie es als Hundebesitzer zu Hause einfacher haben.&nbsp; Und notwendige Besuche beim Tierarzt nicht zum Trauma werden.&nbsp;<\/p>\n\n\n\n<p>Deshalb empfehle ich allen Hundebesitzern, regelm\u00e4ssig mit ihren Hunden, egal ob jung oder alt, das Anfassen der verschiedenen K\u00f6rperteile zu \u00fcben. Mit der Zeit gew\u00f6hnt sich ihr treuer Freund daran, und es geh\u00f6rt f\u00fcr ihn zum Leben dazu. Gerade in schwierigen Situationen (Verletzungen, Tierarztbesuch, etc.) kann das f\u00fcr alle Beteiligten jedoch vor allem f\u00fcr Ihren Hund&nbsp; eine grosse Erleichterung sein.<\/p>\n\n\n\n<p>Junge Hunde bade ich in der Regel nicht. Die gesamte Pflege dauert f\u00fcr sie noch zu lange. Und die kleinen M\u00e4use k\u00f6nnen sich noch nicht solange konzentrieren. Auf diese Weise k\u00f6nnen wir uns in Ruhe kennenlernen und die anderen Dinge und das Vertrauen festigen.<\/p>\n\n\n\n<p>Ich empfehle den Besitzern von jungen Hunden, in regelm\u00e4ssigen Abst\u00e4nden einen Besuch im Hundesalon oder auch beim Tierarzt zu vereinbaren, damit sie sich an die neue Umgebung und Abl\u00e4ufe gew\u00f6hnen k\u00f6nnen.<\/p>\n","protected":false},"excerpt":{"rendered":"<p>Welpen und Junghunde werden spielerisch und mit viel positiver Best\u00e4rkung an die neue Situation gew\u00f6hnt. Gemeinsam mit dem Besitzer \u00fcben wir den Tisch, das Anfassen der verschiedenen K\u00f6rperteile und die verschiedenen Werkzeuge und Abl\u00e4ufe. Dabei arbeite ich intuitiv und individuell mit jedem Hund anders und gehe auf seine Bed\u00fcrfnisse ein. Die Besuche sind kurz, damit &hellip; <a href=\"https:\/\/hundesalon-in-harmonie.ch\/index.php\/welpen-und-junghunde\/\" class=\"more-link\"><span class=\"screen-reader-text\">Welpen und Junghunde<\/span> weiterlesen<\/a><\/p>\n","protected":false},"author":1,"featured_media":0,"parent":0,"menu_order":0,"comment_status":"closed","ping_status":"closed","template":"","meta":{"footnotes":""},"class_list":["post-47","page","type-page","status-publish","hentry"],"_links":{"self":[{"href":"https:\/\/hundesalon-in-harmonie.ch\/index.php\/wp-json\/wp\/v2\/pages\/47","targetHints":{"allow":["GET"]}}],"collection":[{"href":"https:\/\/hundesalon-in-harmonie.ch\/index.php\/wp-json\/wp\/v2\/pages"}],"about":[{"href":"https:\/\/hundesalon-in-harmonie.ch\/index.php\/wp-json\/wp\/v2\/types\/page"}],"author":[{"embeddable":true,"href":"https:\/\/hundesalon-in-harmonie.ch\/index.php\/wp-json\/wp\/v2\/users\/1"}],"replies":[{"embeddable":true,"href":"https:\/\/hundesalon-in-harmonie.ch\/index.php\/wp-json\/wp\/v2\/comments?post=47"}],"version-history":[{"count":1,"href":"https:\/\/hundesalon-in-harmonie.ch\/index.php\/wp-json\/wp\/v2\/pages\/47\/revisions"}],"predecessor-version":[{"id":49,"href":"https:\/\/hundesalon-in-harmonie.ch\/index.php\/wp-json\/wp\/v2\/pages\/47\/revisions\/49"}],"wp:attachment":[{"href":"https:\/\/hundesalon-in-harmonie.ch\/index.php\/wp-json\/wp\/v2\/media?parent=47"}],"curies":[{"name":"wp","href":"https:\/\/api.w.org\/{rel}","templated":true}]}}