{"id":50,"date":"2020-10-02T13:07:04","date_gmt":"2020-10-02T13:07:04","guid":{"rendered":"https:\/\/hundesalon-in-harmonie.ch\/?page_id=50"},"modified":"2020-10-02T13:07:04","modified_gmt":"2020-10-02T13:07:04","slug":"hunde-aus-dem-tierschutz","status":"publish","type":"page","link":"https:\/\/hundesalon-in-harmonie.ch\/index.php\/hunde-aus-dem-tierschutz\/","title":{"rendered":"Hunde aus dem Tierschutz"},"content":{"rendered":"\n<p>Bei Hunden aus dem Tierschutz gehe ich \u00e4hnlich vor, wie bei den Welpen und Junghunden. Je nachdem was der betroffene Hund f\u00fcr eine Vorgeschichte mitbringt. Oftmals haben diese armen Gesch\u00f6pfe bereits einige schlimme Dinge erlebt. Deshalb ist es ganz wichtig, das Vertrauen sorgf\u00e4ltig aufzubauen. Zusammen mit dem Besitzer erarbeiten wir M\u00f6glichkeiten, dem Hund dabei zu helfen, das Alte loszulassen und sich f\u00fcr neue Strategien und M\u00f6glichkeiten, die Situation neu zu erleben, zu \u00f6ffnen. Dabei kann es vorkommen, dass wir die Behandlung abbrechen und einen neuen Termin vereinbaren. Da es f\u00fcr den Hund genug oder einfach Zuviel ist. Auf der psychischen Ebene werden verschiedene Prozesse in Gang gesetzt, die der Hund erst verarbeiten darf.\u00a0 Mir ist es hier ganz wichtig, auf die Bed\u00fcrfnisse des Tieres einzugehen. Damit es nicht zu einem erneuten Trauma oder negativen Erfahrungen kommt.<\/p>\n","protected":false},"excerpt":{"rendered":"<p>Bei Hunden aus dem Tierschutz gehe ich \u00e4hnlich vor, wie bei den Welpen und Junghunden. Je nachdem was der betroffene Hund f\u00fcr eine Vorgeschichte mitbringt. Oftmals haben diese armen Gesch\u00f6pfe bereits einige schlimme Dinge erlebt. Deshalb ist es ganz wichtig, das Vertrauen sorgf\u00e4ltig aufzubauen. Zusammen mit dem Besitzer erarbeiten wir M\u00f6glichkeiten, dem Hund dabei zu &hellip; <a href=\"https:\/\/hundesalon-in-harmonie.ch\/index.php\/hunde-aus-dem-tierschutz\/\" class=\"more-link\"><span class=\"screen-reader-text\">Hunde aus dem Tierschutz<\/span> weiterlesen<\/a><\/p>\n","protected":false},"author":1,"featured_media":0,"parent":0,"menu_order":0,"comment_status":"closed","ping_status":"closed","template":"","meta":{"footnotes":""},"class_list":["post-50","page","type-page","status-publish","hentry"],"_links":{"self":[{"href":"https:\/\/hundesalon-in-harmonie.ch\/index.php\/wp-json\/wp\/v2\/pages\/50","targetHints":{"allow":["GET"]}}],"collection":[{"href":"https:\/\/hundesalon-in-harmonie.ch\/index.php\/wp-json\/wp\/v2\/pages"}],"about":[{"href":"https:\/\/hundesalon-in-harmonie.ch\/index.php\/wp-json\/wp\/v2\/types\/page"}],"author":[{"embeddable":true,"href":"https:\/\/hundesalon-in-harmonie.ch\/index.php\/wp-json\/wp\/v2\/users\/1"}],"replies":[{"embeddable":true,"href":"https:\/\/hundesalon-in-harmonie.ch\/index.php\/wp-json\/wp\/v2\/comments?post=50"}],"version-history":[{"count":1,"href":"https:\/\/hundesalon-in-harmonie.ch\/index.php\/wp-json\/wp\/v2\/pages\/50\/revisions"}],"predecessor-version":[{"id":52,"href":"https:\/\/hundesalon-in-harmonie.ch\/index.php\/wp-json\/wp\/v2\/pages\/50\/revisions\/52"}],"wp:attachment":[{"href":"https:\/\/hundesalon-in-harmonie.ch\/index.php\/wp-json\/wp\/v2\/media?parent=50"}],"curies":[{"name":"wp","href":"https:\/\/api.w.org\/{rel}","templated":true}]}}