{"id":58,"date":"2020-10-02T13:11:31","date_gmt":"2020-10-02T13:11:31","guid":{"rendered":"https:\/\/hundesalon-in-harmonie.ch\/?page_id=58"},"modified":"2021-01-18T06:51:15","modified_gmt":"2021-01-18T06:51:15","slug":"impressum","status":"publish","type":"page","link":"https:\/\/hundesalon-in-harmonie.ch\/index.php\/impressum\/","title":{"rendered":"Impressum"},"content":{"rendered":"\n<p><strong>Kontakt-Adresse<\/strong><\/p>\n\n\n\n<p>Hundesalon in Harmonie<br>Corina Kr\u00fcsi<br><br>8340 Hinwil<br>Schweiz<\/p>\n\n\n\n<p>E-Mail:<br>info@hundesalon-in-harmonie.ch<\/p>\n\n\n\n<p><strong>Vertretungsberechtigte Person(en)<\/strong>Corina Kr\u00fcsi Gesch\u00e4ftsf\u00fchrerin<\/p>\n\n\n\n<p><strong>Haftungsausschluss<\/strong>Der Autor \u00fcbernimmt keinerlei Gew\u00e4hr hinsichtlich der inhaltlichen Richtigkeit, Genauigkeit, Aktualit\u00e4t, Zuverl\u00e4ssigkeit und Vollst\u00e4ndigkeit der Informationen.<\/p>\n\n\n\n<p>Haftungsanspr\u00fcche gegen den Autor wegen Sch\u00e4den materieller oder immaterieller Art, welche aus dem Zugriff oder der Nutzung bzw. Nichtnutzung der ver\u00f6ffentlichten Informationen, durch Missbrauch der Verbindung oder durch technische St\u00f6rungen entstanden sind, werden ausgeschlossen.<\/p>\n\n\n\n<p>Alle Angebote sind unverbindlich. Der Autor beh\u00e4lt es sich ausdr\u00fccklich vor, Teile der Seiten oder das gesamte Angebot ohne besondere Ank\u00fcndigung zu ver\u00e4ndern, zu erg\u00e4nzen, zu l\u00f6schen oder die Ver\u00f6ffentlichung zeitweise oder endg\u00fcltig einzustellen.<\/p>\n\n\n\n<p><strong>Haftungsausschluss f\u00fcr Links<\/strong><\/p>\n\n\n\n<p>Verweise und Links auf Webseiten Dritter liegen ausserhalb unseres Verantwortungsbereichs. Es wird jegliche Verantwortung f\u00fcr solche Webseiten abgelehnt. Der Zugriff und die Nutzung solcher Webseiten erfolgen auf eigene Gefahr des jeweiligen Nutzers.<\/p>\n\n\n\n<p><strong>Urheberrechte<\/strong><\/p>\n\n\n\n<p>Die Urheber- und alle anderen Rechte an Inhalten, Bildern, Fotos oder anderen Dateien auf dieser Website, geh\u00f6ren ausschliesslich\u00a0<strong>Corina Kr\u00fcsi<\/strong>\u00a0oder den speziell genannten Rechteinhabern. F\u00fcr die Reproduktion jeglicher Elemente ist die schriftliche Zustimmung des Urheberrechtstr\u00e4gers im Voraus einzuholen.<\/p>\n","protected":false},"excerpt":{"rendered":"<p>Kontakt-Adresse Hundesalon in HarmonieCorina Kr\u00fcsi 8340 HinwilSchweiz E-Mail:info@hundesalon-in-harmonie.ch Vertretungsberechtigte Person(en)Corina Kr\u00fcsi Gesch\u00e4ftsf\u00fchrerin HaftungsausschlussDer Autor \u00fcbernimmt keinerlei Gew\u00e4hr hinsichtlich der inhaltlichen Richtigkeit, Genauigkeit, Aktualit\u00e4t, Zuverl\u00e4ssigkeit und Vollst\u00e4ndigkeit der Informationen. Haftungsanspr\u00fcche gegen den Autor wegen Sch\u00e4den materieller oder immaterieller Art, welche aus dem Zugriff oder der Nutzung bzw. Nichtnutzung der ver\u00f6ffentlichten Informationen, durch Missbrauch der Verbindung oder &hellip; <a href=\"https:\/\/hundesalon-in-harmonie.ch\/index.php\/impressum\/\" class=\"more-link\"><span class=\"screen-reader-text\">Impressum<\/span> weiterlesen<\/a><\/p>\n","protected":false},"author":1,"featured_media":0,"parent":0,"menu_order":0,"comment_status":"closed","ping_status":"closed","template":"","meta":{"footnotes":""},"class_list":["post-58","page","type-page","status-publish","hentry"],"_links":{"self":[{"href":"https:\/\/hundesalon-in-harmonie.ch\/index.php\/wp-json\/wp\/v2\/pages\/58","targetHints":{"allow":["GET"]}}],"collection":[{"href":"https:\/\/hundesalon-in-harmonie.ch\/index.php\/wp-json\/wp\/v2\/pages"}],"about":[{"href":"https:\/\/hundesalon-in-harmonie.ch\/index.php\/wp-json\/wp\/v2\/types\/page"}],"author":[{"embeddable":true,"href":"https:\/\/hundesalon-in-harmonie.ch\/index.php\/wp-json\/wp\/v2\/users\/1"}],"replies":[{"embeddable":true,"href":"https:\/\/hundesalon-in-harmonie.ch\/index.php\/wp-json\/wp\/v2\/comments?post=58"}],"version-history":[{"count":3,"href":"https:\/\/hundesalon-in-harmonie.ch\/index.php\/wp-json\/wp\/v2\/pages\/58\/revisions"}],"predecessor-version":[{"id":77,"href":"https:\/\/hundesalon-in-harmonie.ch\/index.php\/wp-json\/wp\/v2\/pages\/58\/revisions\/77"}],"wp:attachment":[{"href":"https:\/\/hundesalon-in-harmonie.ch\/index.php\/wp-json\/wp\/v2\/media?parent=58"}],"curies":[{"name":"wp","href":"https:\/\/api.w.org\/{rel}","templated":true}]}}